{"id":2456,"date":"2020-11-08T11:18:54","date_gmt":"2020-11-08T11:18:54","guid":{"rendered":"https:\/\/misionerasdesantodomingo.org\/?page_id=2456"},"modified":"2021-09-09T17:21:18","modified_gmt":"2021-09-09T17:21:18","slug":"galeria","status":"publish","type":"page","link":"https:\/\/misionerasdesantodomingo.org\/en\/galeria\/","title":{"rendered":"Galer\u00eda"},"content":{"rendered":"[vc_row type=&#8221;in_container&#8221; full_screen_row_position=&#8221;middle&#8221; scene_position=&#8221;center&#8221; text_color=&#8221;dark&#8221; text_align=&#8221;left&#8221; overlay_strength=&#8221;0.3&#8243; shape_divider_position=&#8221;bottom&#8221;][vc_column boxed=&#8221;true&#8221; centered_text=&#8221;true&#8221; column_padding=&#8221;no-extra-padding&#8221; column_padding_position=&#8221;all&#8221; background_color_opacity=&#8221;1&#8243; background_hover_color_opacity=&#8221;1&#8243; column_shadow=&#8221;none&#8221; column_border_radius=&#8221;none&#8221; width=&#8221;1\/2&#8243; tablet_text_alignment=&#8221;default&#8221; phone_text_alignment=&#8221;default&#8221; column_border_width=&#8221;none&#8221; column_border_style=&#8221;solid&#8221;]<div class=\"iwithtext\"><div class=\"iwt-icon\"> <i class=\"icon-default-style fa fa-play-circle-o accent-color\"><\/i> <\/div><div class=\"iwt-text\"> \n<h3 style=\"text-align: left;\"><span style=\"color: #13267a;\">Profesi\u00f3n perpetua de Sor Teresita Vo, Sor Luc\u00eda Nguyen y Sor Rosal\u00eda Nguyen<br \/>\n<\/span><\/h3>\n <\/div><div class=\"clear\"><\/div><\/div>[vc_video link=&#8221;https:\/\/www.youtube.com\/watch?v=dTLYPXdvTNE&#8221; align=&#8221;center&#8221;][\/vc_column][vc_column boxed=&#8221;true&#8221; centered_text=&#8221;true&#8221; column_padding=&#8221;no-extra-padding&#8221; column_padding_position=&#8221;all&#8221; background_color_opacity=&#8221;1&#8243; background_hover_color_opacity=&#8221;1&#8243; column_shadow=&#8221;none&#8221; column_border_radius=&#8221;none&#8221; width=&#8221;1\/2&#8243; tablet_text_alignment=&#8221;default&#8221; phone_text_alignment=&#8221;default&#8221; column_border_width=&#8221;none&#8221; column_border_style=&#8221;solid&#8221;]<div class=\"iwithtext\"><div class=\"iwt-icon\"> <i class=\"icon-default-style fa fa-play-circle-o accent-color\"><\/i> <\/div><div class=\"iwt-text\"> \n<h3 style=\"text-align: left;\"><span style=\"color: #13267a;\">Profesi\u00f3n perpetua de Sor Francisca Polo y Sor Cristina Plac<\/span><\/h3>\n <\/div><div class=\"clear\"><\/div><\/div>[vc_video link=&#8221;https:\/\/www.youtube.com\/watch?v=8RKk8cTtT0k&amp;t=57s&#8221; align=&#8221;center&#8221;][\/vc_column][\/vc_row][vc_row type=&#8221;in_container&#8221; full_screen_row_position=&#8221;middle&#8221; scene_position=&#8221;center&#8221; text_color=&#8221;dark&#8221; text_align=&#8221;left&#8221; overlay_strength=&#8221;0.3&#8243; shape_divider_position=&#8221;bottom&#8221;][vc_column boxed=&#8221;true&#8221; centered_text=&#8221;true&#8221; column_padding=&#8221;no-extra-padding&#8221; column_padding_position=&#8221;all&#8221; background_color_opacity=&#8221;1&#8243; background_hover_color_opacity=&#8221;1&#8243; column_shadow=&#8221;none&#8221; column_border_radius=&#8221;none&#8221; width=&#8221;1\/2&#8243; tablet_text_alignment=&#8221;default&#8221; phone_text_alignment=&#8221;default&#8221; column_border_width=&#8221;none&#8221; column_border_style=&#8221;solid&#8221;]<div class=\"iwithtext\"><div class=\"iwt-icon\"> <i class=\"icon-default-style fa fa-play-circle-o accent-color\"><\/i> <\/div><div class=\"iwt-text\"> \n<h3 style=\"text-align: left;\"><span style=\"color: #13267a;\">Profesi\u00f3n perpetua de Sor Mary Cathlyn Ydel y Sor Krestie Sharee Estoy<br \/>\n<\/span><\/h3>\n <\/div><div class=\"clear\"><\/div><\/div>[vc_video link=&#8221;https:\/\/www.youtube.com\/watch?v=Y1YCZeKigAE&#8221; align=&#8221;center&#8221;][\/vc_column][vc_column boxed=&#8221;true&#8221; centered_text=&#8221;true&#8221; column_padding=&#8221;no-extra-padding&#8221; column_padding_position=&#8221;all&#8221; background_color_opacity=&#8221;1&#8243; background_hover_color_opacity=&#8221;1&#8243; column_shadow=&#8221;none&#8221; column_border_radius=&#8221;none&#8221; width=&#8221;1\/2&#8243; tablet_text_alignment=&#8221;default&#8221; phone_text_alignment=&#8221;default&#8221; column_border_width=&#8221;none&#8221; column_border_style=&#8221;solid&#8221;]<div class=\"iwithtext\"><div class=\"iwt-icon\"> <i class=\"icon-default-style fa fa-picture-o accent-color\"><\/i> <\/div><div class=\"iwt-text\"> \n<h3 style=\"text-align: left;\"><span style=\"color: #13267a;\">Juniorado Internacional<\/span><\/h3>\n <\/div><div class=\"clear\"><\/div><\/div>[vc_gallery type=&#8221;nectarslider_style&#8221; images=&#8221;2460,2461,2462,2463,2464,2465,2466,2467,2468,2469,2470,2471,2472,2473,2474,2475,2476,2477,2478,2479&#8243; bullet_navigation_style=&#8221;see_through&#8221; onclick=&#8221;link_image&#8221;][\/vc_column][\/vc_row][vc_row type=&#8221;in_container&#8221; full_screen_row_position=&#8221;middle&#8221; scene_position=&#8221;center&#8221; text_color=&#8221;dark&#8221; text_align=&#8221;left&#8221; overlay_strength=&#8221;0.3&#8243; shape_divider_position=&#8221;bottom&#8221;][vc_column boxed=&#8221;true&#8221; centered_text=&#8221;true&#8221; column_padding=&#8221;no-extra-padding&#8221; column_padding_position=&#8221;all&#8221; background_color_opacity=&#8221;1&#8243; background_hover_color_opacity=&#8221;1&#8243; column_shadow=&#8221;none&#8221; column_border_radius=&#8221;none&#8221; width=&#8221;1\/2&#8243; tablet_text_alignment=&#8221;default&#8221; phone_text_alignment=&#8221;default&#8221; column_border_width=&#8221;none&#8221; column_border_style=&#8221;solid&#8221;]<div class=\"iwithtext\"><div class=\"iwt-icon\"> <i class=\"icon-default-style fa fa-picture-o accent-color\"><\/i> <\/div><div class=\"iwt-text\"> \n<h3 style=\"text-align: left;\"><span style=\"color: #13267a;\">St. Joachim, Tailandia<br \/>\n<\/span><\/h3>\n <\/div><div class=\"clear\"><\/div><\/div>[vc_gallery type=&#8221;nectarslider_style&#8221; images=&#8221;2489,2490,2491,2492,2493,2494,2495,2496,2497,2498,2499,2500,2501,2502,2503,2504,2505,2506&#8243; bullet_navigation_style=&#8221;see_through&#8221; onclick=&#8221;link_image&#8221;][\/vc_column][vc_column boxed=&#8221;true&#8221; centered_text=&#8221;true&#8221; column_padding=&#8221;no-extra-padding&#8221; column_padding_position=&#8221;all&#8221; background_color_opacity=&#8221;1&#8243; background_hover_color_opacity=&#8221;1&#8243; column_shadow=&#8221;none&#8221; column_border_radius=&#8221;none&#8221; width=&#8221;1\/2&#8243; tablet_text_alignment=&#8221;default&#8221; phone_text_alignment=&#8221;default&#8221; column_border_width=&#8221;none&#8221; column_border_style=&#8221;solid&#8221;]<div class=\"iwithtext\"><div class=\"iwt-icon\"> <i class=\"icon-default-style fa fa-picture-o accent-color\"><\/i> <\/div><div class=\"iwt-text\"> \n<h3 style=\"text-align: left;\"><span style=\"color: #13267a;\">Misi\u00f3n de Santo Domingo (Camboya)<br \/>\n<\/span><\/h3>\n <\/div><div class=\"clear\"><\/div><\/div>[vc_gallery type=&#8221;nectarslider_style&#8221; images=&#8221;2510,2511,2512,2513,2514,2515,2516,2517,2518,2519,2520,2521,2522,2523,2524,2525,2526,2527,2528,2529,2530&#8243; bullet_navigation_style=&#8221;see_through&#8221; onclick=&#8221;link_image&#8221;][\/vc_column][\/vc_row][vc_row type=&#8221;in_container&#8221; full_screen_row_position=&#8221;middle&#8221; scene_position=&#8221;center&#8221; text_color=&#8221;dark&#8221; text_align=&#8221;left&#8221; overlay_strength=&#8221;0.3&#8243; shape_divider_position=&#8221;bottom&#8221;][vc_column boxed=&#8221;true&#8221; centered_text=&#8221;true&#8221; column_padding=&#8221;no-extra-padding&#8221; column_padding_position=&#8221;all&#8221; background_color_opacity=&#8221;1&#8243; background_hover_color_opacity=&#8221;1&#8243; column_shadow=&#8221;none&#8221; column_border_radius=&#8221;none&#8221; width=&#8221;1\/2&#8243; tablet_text_alignment=&#8221;default&#8221; phone_text_alignment=&#8221;default&#8221; column_border_width=&#8221;none&#8221; column_border_style=&#8221;solid&#8221;]<div class=\"iwithtext\"><div class=\"iwt-icon\"> <i class=\"icon-default-style fa fa-picture-o accent-color\"><\/i> <\/div><div class=\"iwt-text\"> \n<h3 style=\"text-align: left;\"><span style=\"color: #13267a;\">Casa San Mart\u00edn de Porres (Camboya)<br \/>\n<\/span><\/h3>\n <\/div><div class=\"clear\"><\/div><\/div>[vc_gallery type=&#8221;nectarslider_style&#8221; images=&#8221;2531,2532,2533,2534,2535,2536,2537,2538,2539,2540,2541,2542,2543,2544,2545,2546,2547,2548,2549,2550&#8243; bullet_navigation_style=&#8221;see_through&#8221; onclick=&#8221;link_image&#8221;][\/vc_column][vc_column boxed=&#8221;true&#8221; centered_text=&#8221;true&#8221; column_padding=&#8221;no-extra-padding&#8221; column_padding_position=&#8221;all&#8221; background_color_opacity=&#8221;1&#8243; background_hover_color_opacity=&#8221;1&#8243; column_shadow=&#8221;none&#8221; column_border_radius=&#8221;none&#8221; width=&#8221;1\/2&#8243; tablet_text_alignment=&#8221;default&#8221; phone_text_alignment=&#8221;default&#8221; column_border_width=&#8221;none&#8221; column_border_style=&#8221;solid&#8221;]<div class=\"iwithtext\"><div class=\"iwt-icon\"> <i class=\"icon-default-style fa fa-picture-o accent-color\"><\/i> <\/div><div class=\"iwt-text\"> \n<h3 style=\"text-align: left;\"><span style=\"color: #13267a;\">Mother Josefa Alz\u00faa Home (Tailandia)<\/span><\/h3>\n <\/div><div class=\"clear\"><\/div><\/div>[vc_gallery type=&#8221;nectarslider_style&#8221; images=&#8221;2626,2627,2628,2629,2630,2631,2632,2633,2634,2635,2636,2637,2638&#8243; bullet_navigation_style=&#8221;see_through&#8221; onclick=&#8221;link_image&#8221;][\/vc_column][\/vc_row]\n","protected":false},"excerpt":{"rendered":"<p>[vc_row type=&#8221;in_container&#8221; full_screen_row_position=&#8221;middle&#8221; scene_position=&#8221;center&#8221; text_color=&#8221;dark&#8221; text_align=&#8221;left&#8221; overlay_strength=&#8221;0.3&#8243; shape_divider_position=&#8221;bottom&#8221;][vc_column boxed=&#8221;true&#8221; centered_text=&#8221;true&#8221; column_padding=&#8221;no-extra-padding&#8221; column_padding_position=&#8221;all&#8221; background_color_opacity=&#8221;1&#8243; background_hover_color_opacity=&#8221;1&#8243; column_shadow=&#8221;none&#8221; column_border_radius=&#8221;none&#8221; width=&#8221;1\/2&#8243; tablet_text_alignment=&#8221;default&#8221; phone_text_alignment=&#8221;default&#8221; column_border_width=&#8221;none&#8221; column_border_style=&#8221;solid&#8221;][vc_video link=&#8221;https:\/\/www.youtube.com\/watch?v=dTLYPXdvTNE&#8221; align=&#8221;center&#8221;][\/vc_column][vc_column boxed=&#8221;true&#8221; centered_text=&#8221;true&#8221; column_padding=&#8221;no-extra-padding&#8221; column_padding_position=&#8221;all&#8221; background_color_opacity=&#8221;1&#8243; background_hover_color_opacity=&#8221;1&#8243; column_shadow=&#8221;none&#8221;&#8230;<\/p>\n","protected":false},"author":1,"featured_media":0,"parent":0,"menu_order":0,"comment_status":"closed","ping_status":"closed","template":"","meta":{"footnotes":""},"class_list":["post-2456","page","type-page","status-publish"],"translation":{"provider":"WPGlobus","version":"3.0.2","language":"en","enabled_languages":["es","en"],"languages":{"es":{"title":true,"content":true,"excerpt":false},"en":{"title":false,"content":false,"excerpt":false}}},"_links":{"self":[{"href":"https:\/\/misionerasdesantodomingo.org\/en\/wp-json\/wp\/v2\/pages\/2456","targetHints":{"allow":["GET"]}}],"collection":[{"href":"https:\/\/misionerasdesantodomingo.org\/en\/wp-json\/wp\/v2\/pages"}],"about":[{"href":"https:\/\/misionerasdesantodomingo.org\/en\/wp-json\/wp\/v2\/types\/page"}],"author":[{"embeddable":true,"href":"https:\/\/misionerasdesantodomingo.org\/en\/wp-json\/wp\/v2\/users\/1"}],"replies":[{"embeddable":true,"href":"https:\/\/misionerasdesantodomingo.org\/en\/wp-json\/wp\/v2\/comments?post=2456"}],"version-history":[{"count":12,"href":"https:\/\/misionerasdesantodomingo.org\/en\/wp-json\/wp\/v2\/pages\/2456\/revisions"}],"predecessor-version":[{"id":2766,"href":"https:\/\/misionerasdesantodomingo.org\/en\/wp-json\/wp\/v2\/pages\/2456\/revisions\/2766"}],"wp:attachment":[{"href":"https:\/\/misionerasdesantodomingo.org\/en\/wp-json\/wp\/v2\/media?parent=2456"}],"curies":[{"name":"wp","href":"https:\/\/api.w.org\/{rel}","templated":true}]}}