{"id":2278,"date":"2020-09-20T11:38:49","date_gmt":"2020-09-20T11:38:49","guid":{"rendered":"https:\/\/misionerasdesantodomingo.org\/?page_id=2278"},"modified":"2020-09-20T11:41:07","modified_gmt":"2020-09-20T11:41:07","slug":"niihama-2","status":"publish","type":"page","link":"https:\/\/misionerasdesantodomingo.org\/en\/provincia-de-santo-tomas-de-aquino\/niihama-2\/","title":{"rendered":"NIIHAMA"},"content":{"rendered":"[vc_row type=&#8221;in_container&#8221; full_screen_row_position=&#8221;middle&#8221; equal_height=&#8221;yes&#8221; scene_position=&#8221;center&#8221; text_color=&#8221;dark&#8221; text_align=&#8221;left&#8221; overlay_strength=&#8221;0.3&#8243; shape_divider_position=&#8221;bottom&#8221; shape_type=&#8221;&#8221;][vc_column boxed=&#8221;true&#8221; column_padding=&#8221;no-extra-padding&#8221; column_padding_position=&#8221;all&#8221; background_color_opacity=&#8221;1&#8243; background_hover_color_opacity=&#8221;1&#8243; column_shadow=&#8221;none&#8221; column_border_radius=&#8221;none&#8221; width=&#8221;1\/4&#8243; tablet_text_alignment=&#8221;default&#8221; phone_text_alignment=&#8221;default&#8221; column_border_width=&#8221;none&#8221; column_border_style=&#8221;solid&#8221;]<div class=\"img-with-aniamtion-wrap \" data-max-width=\"100%\" data-border-radius=\"none\"><div class=\"inner\"><img loading=\"lazy\" decoding=\"async\" data-shadow=\"none\" data-shadow-direction=\"middle\" class=\"img-with-animation \" data-delay=\"0\" height=\"300\" width=\"300\" data-animation=\"fade-in\" src=\"https:\/\/misionerasdesantodomingo.org\/wp-content\/uploads\/2020\/09\/hojo.jpg\" srcset=\"https:\/\/misionerasdesantodomingo.org\/wp-content\/uploads\/2020\/09\/hojo.jpg 300w, https:\/\/misionerasdesantodomingo.org\/wp-content\/uploads\/2020\/09\/hojo-150x150.jpg 150w, https:\/\/misionerasdesantodomingo.org\/wp-content\/uploads\/2020\/09\/hojo-250x250.jpg 250w, https:\/\/misionerasdesantodomingo.org\/wp-content\/uploads\/2020\/09\/hojo-100x100.jpg 100w, https:\/\/misionerasdesantodomingo.org\/wp-content\/uploads\/2020\/09\/hojo-140x140.jpg 140w\" sizes=\"auto, 100vw\" alt=\"\" \/><\/div><\/div>[\/vc_column][vc_column boxed=&#8221;true&#8221; column_padding=&#8221;no-extra-padding&#8221; column_padding_position=&#8221;all&#8221; background_color_opacity=&#8221;1&#8243; background_hover_color_opacity=&#8221;1&#8243; column_shadow=&#8221;none&#8221; column_border_radius=&#8221;none&#8221; width=&#8221;3\/4&#8243; tablet_text_alignment=&#8221;default&#8221; phone_text_alignment=&#8221;default&#8221; column_border_width=&#8221;none&#8221; column_border_style=&#8221;solid&#8221;]<div class=\"iwithtext\"><div class=\"iwt-icon\"> <i class=\"icon-default-style icon-search accent-color\"><\/i> <\/div><div class=\"iwt-text\"> \n<h5>Name<\/h5>\n<p>Jard\u00edn Infant\u00edn de Santa Mar\u00eda <\/div><div class=\"clear\"><\/div><\/div><div class=\"divider-wrap\"><div style=\"margin-top: 12px; height: 1px; margin-bottom: 12px;\" data-width=\"100%\" data-animate=\"\" data-animation-delay=\"\" data-color=\"accent-color\" class=\"divider-border\"><\/div><\/div><div class=\"iwithtext\"><div class=\"iwt-icon\"> <i class=\"icon-default-style icon-globe accent-color\"><\/i> <\/div><div class=\"iwt-text\"> \n<h5>Web Site<\/h5>\n<p><a href=\"http:\/\/seimaria.ed.jp\/\">http:\/\/seimaria.ed.jp\/<\/a> <\/div><div class=\"clear\"><\/div><\/div>[\/vc_column][\/vc_row][vc_row type=&#8221;in_container&#8221; full_screen_row_position=&#8221;middle&#8221; scene_position=&#8221;center&#8221; text_color=&#8221;dark&#8221; text_align=&#8221;left&#8221; overlay_strength=&#8221;0.3&#8243; shape_divider_position=&#8221;bottom&#8221;][vc_column column_padding=&#8221;no-extra-padding&#8221; column_padding_position=&#8221;all&#8221; background_color_opacity=&#8221;1&#8243; background_hover_color_opacity=&#8221;1&#8243; column_shadow=&#8221;none&#8221; column_border_radius=&#8221;none&#8221; width=&#8221;1\/1&#8243; tablet_text_alignment=&#8221;default&#8221; phone_text_alignment=&#8221;default&#8221; column_border_width=&#8221;none&#8221; column_border_style=&#8221;solid&#8221;]<div class=\"divider-wrap\"><div style=\"margin-top: 12px; height: 1px; margin-bottom: 12px;\" data-width=\"100%\" data-animate=\"\" data-animation-delay=\"\" data-color=\"accent-color\" class=\"divider-border\"><\/div><\/div>[vc_text_separator title=&#8221;Information and Activities&#8221;]<div class=\"nectar-fancy-ul\" data-list-icon=\"icon-check\" data-animation=\"false\" data-animation-delay=\"0\" data-color=\"accent-color\" data-alignment=\"left\"> \n<p style=\"text-align: center;\">Sei Maria Yochien&nbsp;&nbsp;&nbsp;<\/p>\n<p style=\"text-align: center;\">Shigemoto Cho, 8-16<\/p>\n<p style=\"text-align: center;\">Niihama Shi, Ehime Ken<\/p>\n<p style=\"text-align: center;\">Jap\u00f3n 792-0023&nbsp;&nbsp;<\/p>\n<p>&nbsp;<\/p>\n<ul>\n<li>The education we provide helps young children fulfill their aim as human beings while experiencing the joy of being valued in a warm relationship with teachers and friends.<\/li>\n<li>The children are helped to be capable of learning by themselves while making the most of the activities.<\/li>\n<li>They are helped to know how to value their individual and group capacities in a pleasant and familiar atmosphere.<\/li>\n<li>We help with the liturgy and other activities in the parish.<\/li>\n<\/ul>\n <\/div>[\/vc_column][\/vc_row]\n","protected":false},"excerpt":{"rendered":"<p>[vc_row type=&#8221;in_container&#8221; full_screen_row_position=&#8221;middle&#8221; equal_height=&#8221;yes&#8221; scene_position=&#8221;center&#8221; text_color=&#8221;dark&#8221; text_align=&#8221;left&#8221; overlay_strength=&#8221;0.3&#8243; shape_divider_position=&#8221;bottom&#8221; shape_type=&#8221;&#8221;][vc_column boxed=&#8221;true&#8221; column_padding=&#8221;no-extra-padding&#8221; column_padding_position=&#8221;all&#8221; background_color_opacity=&#8221;1&#8243; background_hover_color_opacity=&#8221;1&#8243; column_shadow=&#8221;none&#8221; column_border_radius=&#8221;none&#8221; width=&#8221;1\/4&#8243; tablet_text_alignment=&#8221;default&#8221; phone_text_alignment=&#8221;default&#8221; column_border_width=&#8221;none&#8221; column_border_style=&#8221;solid&#8221;][\/vc_column][vc_column boxed=&#8221;true&#8221; column_padding=&#8221;no-extra-padding&#8221; column_padding_position=&#8221;all&#8221; background_color_opacity=&#8221;1&#8243; background_hover_color_opacity=&#8221;1&#8243; column_shadow=&#8221;none&#8221; column_border_radius=&#8221;none&#8221; width=&#8221;3\/4&#8243;&#8230;<\/p>\n","protected":false},"author":1,"featured_media":0,"parent":1420,"menu_order":0,"comment_status":"closed","ping_status":"closed","template":"","meta":{"ngg_post_thumbnail":0,"footnotes":""},"class_list":["post-2278","page","type-page","status-publish"],"translation":{"provider":"WPGlobus","version":"3.0.2","language":"en","enabled_languages":["es","en"],"languages":{"es":{"title":true,"content":true,"excerpt":false},"en":{"title":true,"content":true,"excerpt":false}}},"_links":{"self":[{"href":"https:\/\/misionerasdesantodomingo.org\/en\/wp-json\/wp\/v2\/pages\/2278","targetHints":{"allow":["GET"]}}],"collection":[{"href":"https:\/\/misionerasdesantodomingo.org\/en\/wp-json\/wp\/v2\/pages"}],"about":[{"href":"https:\/\/misionerasdesantodomingo.org\/en\/wp-json\/wp\/v2\/types\/page"}],"author":[{"embeddable":true,"href":"https:\/\/misionerasdesantodomingo.org\/en\/wp-json\/wp\/v2\/users\/1"}],"replies":[{"embeddable":true,"href":"https:\/\/misionerasdesantodomingo.org\/en\/wp-json\/wp\/v2\/comments?post=2278"}],"version-history":[{"count":3,"href":"https:\/\/misionerasdesantodomingo.org\/en\/wp-json\/wp\/v2\/pages\/2278\/revisions"}],"predecessor-version":[{"id":2281,"href":"https:\/\/misionerasdesantodomingo.org\/en\/wp-json\/wp\/v2\/pages\/2278\/revisions\/2281"}],"up":[{"embeddable":true,"href":"https:\/\/misionerasdesantodomingo.org\/en\/wp-json\/wp\/v2\/pages\/1420"}],"wp:attachment":[{"href":"https:\/\/misionerasdesantodomingo.org\/en\/wp-json\/wp\/v2\/media?parent=2278"}],"curies":[{"name":"wp","href":"https:\/\/api.w.org\/{rel}","templated":true}]}}